{"id":3295,"date":"2024-09-23T08:08:40","date_gmt":"2024-09-23T05:08:40","guid":{"rendered":"https:\/\/dithenet.aegean.gr\/?page_id=3295"},"modified":"2026-04-08T10:40:59","modified_gmt":"2026-04-08T08:40:59","slug":"projects","status":"publish","type":"page","link":"https:\/\/dithenet.aegean.gr\/?page_id=3295&lang=en","title":{"rendered":"Projects"},"content":{"rendered":"<h2>Reasearch Projects<\/h2>\n<p align=\"justify\"><u><strong>DIM\u00b2ENSION (2024-2027).<\/strong><\/u> The project<strong> DIgital Supported Mathematical ModElliNg For Sustainable Development Goals In EurOpean EducatioN,\u00a0<\/strong>is an Erasmus+ KA220-HED \u2013 Cooperation partnerships in higher education, project. The project aims to provide digital support for mathematical modeling from the perspective of the United Nations Sustainable Development Goals (SDGs) (2015).<br \/>\nThe project is coordinated by Goethe University Frankfurt am Main (GU), with Prof. Dr. Matthias Ludwig, head of the Institute for Didactics of Mathematics and Computer Science, serving as the Scientific Coordinator. More information about the project: <a href=\"https:\/\/dimension-project.eu\" target=\"_blank\" rel=\"noopener\">https:\/\/dimension-project.eu<\/a><\/p>\n<p align=\"justify\"><span lang=\"en-US\"><u><b>DiToM: (2023-2026). <\/b><\/u><\/span><span lang=\"en-US\"> DiToM (Diagnostic Tools in Mathematics) is an <\/span><span lang=\"en-US\"><i>Erasmus+ KA2 \u2013 Cooperation for Innovation and the Exchange of Good Practices Project,<\/i><\/span><span lang=\"en-US\"> 36 months project started on 2023. The aim of this project is to bring this expertise together and create a continuous diagnostic instrument that teachers can use to measure basic skills in arithmetic and algebra at the end of a two-year learning period at grades 0 to 8<\/span><sup><span lang=\"en-US\">th<\/span><\/sup><span lang=\"en-US\">. Thus, four diagnostic tests will be created that incorporate visuo-spatial skills required for number learning. Furthermore, the projects aim to explicitly acknowledge the special needs of inclusive classrooms for the application of diagnostic tools. Coordinator of the project is the University of Bielefeld\/Faculty of Mathematics\/Institute for Didactic Mathematics (IDM). PI: Prof. Dr. Michael Kleine &amp; Prof. Dr. Andrea Peter-Koop<\/span>.<br \/>\n<span lang=\"en-US\">Website: https:\/\/www.ditom.org<br \/>\n<\/span><span lang=\"en-US\">FB:<\/span> <span lang=\"en-US\">https:\/\/www.facebook.com\/ditom.tools<\/span><\/p>\n<p align=\"justify\"><span lang=\"en-US\"><u><b>ASYMPTOTE: (1\/3\/2021-28\/2\/2023).<\/b><\/u><\/span><b> <\/b><span lang=\"en-US\"> The <\/span><span lang=\"en-US\"><b>Adaptive SYnchronous Mathematics Learning PaThs for Online Teaching in Europe<\/b><\/span> <span lang=\"en-US\"><b>&#8211; ASYMPTOTE<\/b><\/span><span lang=\"en-US\"> project is an Erasmus+ Strategic Partnership in the key action KA226 (DAAD). During the project the development of both, a website and a mobile application, took place for the conduct of synchronous online and distance mathematics education. The system enables teachers to select already existing or to create own tasks and mathematical learning paths, i.e. a sequence of tasks. The Goethe University is the ASYMPTOTE Project Coordinator, with PI Prof. Dr. Matthias Ludwig head of Institut f\u00fcr Didaktik der Mathematik und der Informatik.<br \/>\nMore information about the project at: https:\/\/asymptote-project.eu\/<\/span><\/p>\n<h2 align=\"justify\">Software Development Projects<\/h2>\n<p align=\"justify\"><span lang=\"en-US\"><u><b>ELPEIDA<\/b><\/u><\/span><u><b>: (3\/3\/2023-30\/06\/2023)<\/b><\/u><u>.<\/u> <span lang=\"en-US\">This project concerned the development of the innovative learning software for the Kindergarten (ELPEIDA = Preschool Education Software for Creativity and Cognitive, Emotional and Social Development Skills) with corresponding educational scenarios, adapted to the requirements of the new Preschool Education curriculum for the Greek school as well as the training and supporting the implementation of a sufficient number (500+) pre-school teachers to use this software with mobile or other digital devices in real classroom conditions. The contracting authority is the Greek Institute of Educational Policy. The contractor is the University of Patras\/ELKE with Professor Vassilis Komis as the scientific director. Graduates of the program participated in the design and development processes of the software. <\/span><br \/>\n<span lang=\"en-US\">Website<\/span>: <span lang=\"en-US\">https<\/span>:\/\/<span lang=\"en-US\">elpeida<\/span>.<span lang=\"en-US\">github<\/span>.<span lang=\"en-US\">io<\/span>\/<\/p>\n<p align=\"justify\"><span lang=\"en-US\"><u><b>INCTCORPS: (28\/2\/2022-28\/2\/2024)<\/b><\/u><\/span><span lang=\"en-US\"><b>. <\/b><\/span><span lang=\"en-US\"> Integrated and Culturally Responsive Computational Thinking Curriculum for Primary Students- INCTCORPS concerned the design and development of an unplugged culturally responsible curriculum for Computational Thinking integrated in primary education arts and literature courses. The collaborating partners developed and pilot tested 50 lesson plans which are available on the project website. Coordinator of the project is Pamukkale \u00dcniversitesi\/Department of Education and PI is Prof. PhD H\u00fcseyin \u00d6z\u00e7\u0131nar.<br \/>\nMore information for the project: https:\/\/inctcorps.pau.edu.tr\/<\/span><\/p>\n<h2 align=\"justify\">Training Projects<\/h2>\n<p align=\"justify\"><span lang=\"en-US\"><u><b>COMPUTATIONAL THINKING AT SCHOOL: <\/b><\/u><\/span><span lang=\"en-US\"><b>(1\/9\/2019-31\/8\/2022). <\/b><\/span><span lang=\"en-US\">In the project titled Computational Thinking at School \u2013 CompuT, secondary education schools from Greece, Spain, Portugal, Norway collaborated in the Strategic Partnerships Program Erasmus KA2, School Education Sector, with the Coordination of the Directorate of Secondary Education of Dodecanese, which applied the proposal in collaboration with the University of the Aegean. During the program secondary education teachers trained concerning the integration of Computational Thinking into their educational practice.<br \/>\nMore information: http:\/\/ltee.aegean.gr\/comput\/<\/span><\/p>\n<p align=\"justify\"><span lang=\"en-US\"><u><b>INTERNATIONAL CHALLENGE ON INFORMATICS AND COMPUTATIONAL THINKING \u201cCASTOR\u201d (BEBRAS) GREECE<\/b><\/u><\/span><span lang=\"en-US\"><b>: 2017-2020. <\/b><\/span><span lang=\"en-US\">The Postgraduate Studies Program supported the organization of the student competition of Informatics and Computational Thinking &#8220;Bebras&#8221; (http:\/\/bebras.org, http:\/\/bebras.gr), with the aim of developing Informatics and especially Computational Thinking, among teachers, and students. More than 30,000 students from all over the country participated in the two events of the competition.<\/span><\/p>\n","protected":false},"excerpt":{"rendered":"<p>Reasearch Projects DIM\u00b2ENSION (2024-2027). The project DIgital Supported Mathematical ModElliNg For Sustainable Development Goals In EurOpean EducatioN,\u00a0is an Erasmus+ KA220-HED &hellip; <\/p>\n","protected":false},"author":5,"featured_media":0,"parent":0,"menu_order":0,"comment_status":"closed","ping_status":"closed","template":"","meta":{"_monsterinsights_skip_tracking":false,"_monsterinsights_sitenote_active":false,"_monsterinsights_sitenote_note":"","_monsterinsights_sitenote_category":0,"footnotes":""},"class_list":["post-3295","page","type-page","status-publish","hentry","latest_post"],"_links":{"self":[{"href":"https:\/\/dithenet.aegean.gr\/index.php?rest_route=\/wp\/v2\/pages\/3295","targetHints":{"allow":["GET"]}}],"collection":[{"href":"https:\/\/dithenet.aegean.gr\/index.php?rest_route=\/wp\/v2\/pages"}],"about":[{"href":"https:\/\/dithenet.aegean.gr\/index.php?rest_route=\/wp\/v2\/types\/page"}],"author":[{"embeddable":true,"href":"https:\/\/dithenet.aegean.gr\/index.php?rest_route=\/wp\/v2\/users\/5"}],"replies":[{"embeddable":true,"href":"https:\/\/dithenet.aegean.gr\/index.php?rest_route=%2Fwp%2Fv2%2Fcomments&post=3295"}],"version-history":[{"count":5,"href":"https:\/\/dithenet.aegean.gr\/index.php?rest_route=\/wp\/v2\/pages\/3295\/revisions"}],"predecessor-version":[{"id":3919,"href":"https:\/\/dithenet.aegean.gr\/index.php?rest_route=\/wp\/v2\/pages\/3295\/revisions\/3919"}],"wp:attachment":[{"href":"https:\/\/dithenet.aegean.gr\/index.php?rest_route=%2Fwp%2Fv2%2Fmedia&parent=3295"}],"curies":[{"name":"wp","href":"https:\/\/api.w.org\/{rel}","templated":true}]}}